{"id":13,"date":"2025-01-17T08:01:02","date_gmt":"2025-01-17T08:01:02","guid":{"rendered":"https:\/\/www.networkgiovani.net\/?page_id=13"},"modified":"2025-01-17T08:01:03","modified_gmt":"2025-01-17T08:01:03","slug":"comune-di-cassano-dadda","status":"publish","type":"page","link":"https:\/\/www.networkgiovani.net\/?page_id=13","title":{"rendered":"Comune di Cassano d&#8217;Adda"},"content":{"rendered":"\n<figure class=\"wp-block-image is-resized\"><img decoding=\"async\" src=\"https:\/\/web.archive.org\/web\/20130625215318im_\/http:\/\/www.networkgiovani.net\/sito\/images\/stories\/logo%20comune%20di%20cassano%20dadda.jpg\" alt=\"alt\" style=\"width:218px;height:auto\"\/><\/figure>\n\n\n\n<p>A Cassano d&#8217;Adda l&#8217;INFORMAGIOVANI \u00e8 in via Dante n.4, a fianco della Biblioteca<\/p>\n\n\n\n<p>ORARI DI APERTURA:<\/p>\n\n\n\n<p>mercoled\u00ec e venerd\u00ec dalle 15,30 alle 18,00<\/p>\n","protected":false},"excerpt":{"rendered":"<p>A Cassano d&#8217;Adda l&#8217;INFORMAGIOVANI \u00e8 in via Dante n.4, a fianco della Biblioteca ORARI DI APERTURA: mercoled\u00ec e venerd\u00ec dalle 15,30 alle 18,00<\/p>\n","protected":false},"author":1,"featured_media":0,"parent":0,"menu_order":0,"comment_status":"closed","ping_status":"closed","template":"","meta":{"footnotes":""},"class_list":["post-13","page","type-page","status-publish","hentry","entry"],"_links":{"self":[{"href":"https:\/\/www.networkgiovani.net\/index.php?rest_route=\/wp\/v2\/pages\/13","targetHints":{"allow":["GET"]}}],"collection":[{"href":"https:\/\/www.networkgiovani.net\/index.php?rest_route=\/wp\/v2\/pages"}],"about":[{"href":"https:\/\/www.networkgiovani.net\/index.php?rest_route=\/wp\/v2\/types\/page"}],"author":[{"embeddable":true,"href":"https:\/\/www.networkgiovani.net\/index.php?rest_route=\/wp\/v2\/users\/1"}],"replies":[{"embeddable":true,"href":"https:\/\/www.networkgiovani.net\/index.php?rest_route=%2Fwp%2Fv2%2Fcomments&post=13"}],"version-history":[{"count":1,"href":"https:\/\/www.networkgiovani.net\/index.php?rest_route=\/wp\/v2\/pages\/13\/revisions"}],"predecessor-version":[{"id":14,"href":"https:\/\/www.networkgiovani.net\/index.php?rest_route=\/wp\/v2\/pages\/13\/revisions\/14"}],"wp:attachment":[{"href":"https:\/\/www.networkgiovani.net\/index.php?rest_route=%2Fwp%2Fv2%2Fmedia&parent=13"}],"curies":[{"name":"wp","href":"https:\/\/api.w.org\/{rel}","templated":true}]}}